{"id":2,"date":"2017-07-11T11:22:40","date_gmt":"2017-07-11T11:22:40","guid":{"rendered":"http:\/\/krumpholz.ch\/?page_id=2"},"modified":"2026-02-26T13:40:24","modified_gmt":"2026-02-26T13:40:24","slug":"about","status":"publish","type":"page","link":"https:\/\/krumpholz.ch\/","title":{"rendered":"Krumpholz GmbH<br>Frieslirain 19<br>CH &#8211; 6210 Sursee<br>+41 41 760 98 20<br>info@krumpholz.ch<br>CHE-113.051.728 MWST"},"content":{"rendered":"<h2>H\u00f6chstes Qualit\u00e4tsniveau einer breiten Produktpalette.<\/h2>\n<p>Hacken, Schaufeln oder Beile. Es entsteht eine Vielzahl von Produkten \u2013 handgeschmiedet aus erstklassigem Kohlenstoffstahl. Jedes einzelne Werkzeug braucht auch heute noch unz\u00e4hlige Handgriffe, aber gerade diese garantieren die besondere Qualit\u00e4t.<\/p>\n<h2>Entwicklung heisst weiter voran kommen.<\/h2>\n<p>Die Kombination aus Erfahrung und Innovationsbereitschaft stellt die Grundlage unserer Werkzeugproduktion dar. Diese wird von Generation zu Generation st\u00e4ndig weiterentwickelt, um den h\u00f6chsten Anforderungen des qualit\u00e4tsbewussten G\u00e4rtners und professionellen Forstarbeiters zu entsprechen.&nbsp;<\/p>\n<h2>\u00c4sthetisch und belastbar \u2013 ein Leben lang.<\/h2>\n<p>Das A und O bei der Herstellung unserer Werkzeuge ist die ausschliessliche Verwendung von ausgesuchten Materialien. Stabile Metallteile werden aus hochwertigem Schwedenstahl gefertigt, wobei verschiedene H\u00e4rtegrade verwendet werden. Dies hat den Vorteil, dass manche Teile sehr hart und dadurch \u00e4usserst stabil sind, w\u00e4hrend andere zur Best\u00e4ndigkeit beitragen, indem sie flexibler sind und somit harte St\u00f6sse abfedern.<\/p>\n\n\n<figure class=\"wp-block-embed is-type-video is-provider-youtube wp-block-embed-youtube wp-embed-aspect-16-9 wp-has-aspect-ratio\"><div class=\"wp-block-embed__wrapper\">\n<iframe loading=\"lazy\" title=\"Krumpholz Werkzeuge Unternehmensfilm\" width=\"525\" height=\"295\" src=\"https:\/\/www.youtube.com\/embed\/DTrSVIfZYHQ?feature=oembed\" frameborder=\"0\" allow=\"accelerometer; autoplay; clipboard-write; encrypted-media; gyroscope; picture-in-picture; web-share\" referrerpolicy=\"strict-origin-when-cross-origin\" allowfullscreen><\/iframe>\n<\/div><\/figure>\n\n\n\n<figure class=\"wp-block-embed is-type-video is-provider-youtube wp-block-embed-youtube wp-embed-aspect-16-9 wp-has-aspect-ratio\"><div class=\"wp-block-embed__wrapper\">\n<iframe loading=\"lazy\" title=\"Marken des Jahrhunderts 2022 - Krumpholz-Werkzeuge\" width=\"525\" height=\"295\" src=\"https:\/\/www.youtube.com\/embed\/wy603k38sto?feature=oembed\" frameborder=\"0\" allow=\"accelerometer; autoplay; clipboard-write; encrypted-media; gyroscope; picture-in-picture; web-share\" referrerpolicy=\"strict-origin-when-cross-origin\" allowfullscreen><\/iframe>\n<\/div><\/figure>\n\n\n\n<h2>Krumpholz Werkzeuge sind unter anderem erh\u00e4ltlich bei:<\/h2>\n\n\n\n<p>Gartenpflanzen Daepp, 3110 M\u00fcnsingen<br>Gartenbauschule H\u00fcnibach, 3626 H\u00fcnibach<br>Psychiatrie Baselland, 4410 Liestal<br>Gartencenter Haller AG, 4665 Oftringen<br>G\u00e4rtnerei Homatt, 6003 Luzern<br>G\u00e4rtnerei Schwitter AG, 6034 Inwil<br>Hauenstein Gartencenter AG, 8197 Rafz<br>mygarden GmbH, 9545 W\u00e4ngi<br>Kunz Baumschulen AG, 8610 Uster<\/p>\n\n\n\n<p>Zollinger Bio S\u00e0rl,  1897 Les Evouettes<br>G\u00e4rtnerei Leonotis, 3257 Grossaffoltern<br>Dorfgeist GmbH, 5306 Tegerfelden<br>Phoster GmbH, 6252 Dagmersellen<br>G\u00e4rtnerei B\u00fcrgin AG, 6467 Schattdorf<br>Gartenleben GmbH, 8200 Schaffhausen<br>Neubauer GmbH, 8586 Erlen<br>Rusterholz Pflanzencenter AG, 8942 Oberrieden<br>Veg and the City, Z\u00fcrich und Winterthur<br><a href=\"https:\/\/www.joolie.ch\/\" data-type=\"URL\" data-id=\"https:\/\/www.joolie.ch\/\" target=\"_blank\" rel=\"noreferrer noopener\">joolie.ch<\/a><br><a href=\"http:\/\/www.biogarten.ch\" data-type=\"URL\" data-id=\"www.biogarten.ch\" target=\"_blank\" rel=\"noreferrer noopener\">biogarten.ch<\/a><\/p>\n\n\n\n<p><\/p>\n\n\n<p>Link zum Online Katalog:<\/p>\n<p><a href=\"https:\/\/www.krumpholz1799.de\/uploads\/Krumpholz_Katalog_2025_DE_online.pdf\" target=\"_blank\" rel=\"noopener\"><strong>Download Katalog 2025<\/strong><\/a><\/p>\n<p><strong><a href=\"https:\/\/www.krumpholz1799.de\/uploads\/2026_Krumpholz_Neuheiten_DE_web.pdf\" target=\"_blank\" rel=\"noopener\">Download Neuheiten 2026<\/a><\/strong><\/p>\n<p><a href=\"https:\/\/www.unserebroschuere.de\/Krumpholz\/WebView\/\" target=\"_blank\" rel=\"noopener\"><strong>Download Unternehmensbrosch\u00fcre<\/strong><\/a><\/p>\n<p>In der digitalen Unternehmensbrosch\u00fcre erhalten Sie viele Eindr\u00fccke rund um die Produktion in der Schmiede.<\/p>\n\n\n<figure class=\"wp-block-video\"><\/figure>\n","protected":false},"excerpt":{"rendered":"<p>H\u00f6chstes Qualit\u00e4tsniveau einer breiten Produktpalette. Hacken, Schaufeln oder Beile. Es entsteht eine Vielzahl von Produkten \u2013 handgeschmiedet aus erstklassigem Kohlenstoffstahl. Jedes einzelne Werkzeug braucht auch heute noch unz\u00e4hlige Handgriffe, aber gerade diese garantieren die besondere Qualit\u00e4t. Entwicklung heisst weiter voran kommen. Die Kombination aus Erfahrung und Innovationsbereitschaft stellt die Grundlage unserer Werkzeugproduktion dar. Diese wird &hellip; <\/p>\n<p class=\"link-more\"><a href=\"https:\/\/krumpholz.ch\/\" class=\"more-link\"><span class=\"screen-reader-text\">\u201eKrumpholz GmbH<br \/>Frieslirain 19<br \/>CH &#8211; 6210 Sursee<br \/>+41 41 760 98 20<br \/>info@krumpholz.ch<br \/>CHE-113.051.728 MWST\u201c<\/span> weiterlesen<\/a><\/p>\n","protected":false},"author":1,"featured_media":0,"parent":0,"menu_order":0,"comment_status":"open","ping_status":"open","template":"","meta":[],"_links":{"self":[{"href":"https:\/\/krumpholz.ch\/index.php?rest_route=\/wp\/v2\/pages\/2"}],"collection":[{"href":"https:\/\/krumpholz.ch\/index.php?rest_route=\/wp\/v2\/pages"}],"about":[{"href":"https:\/\/krumpholz.ch\/index.php?rest_route=\/wp\/v2\/types\/page"}],"author":[{"embeddable":true,"href":"https:\/\/krumpholz.ch\/index.php?rest_route=\/wp\/v2\/users\/1"}],"replies":[{"embeddable":true,"href":"https:\/\/krumpholz.ch\/index.php?rest_route=%2Fwp%2Fv2%2Fcomments&post=2"}],"version-history":[{"count":63,"href":"https:\/\/krumpholz.ch\/index.php?rest_route=\/wp\/v2\/pages\/2\/revisions"}],"predecessor-version":[{"id":113,"href":"https:\/\/krumpholz.ch\/index.php?rest_route=\/wp\/v2\/pages\/2\/revisions\/113"}],"wp:attachment":[{"href":"https:\/\/krumpholz.ch\/index.php?rest_route=%2Fwp%2Fv2%2Fmedia&parent=2"}],"curies":[{"name":"wp","href":"https:\/\/api.w.org\/{rel}","templated":true}]}}